{"id":2219,"date":"2023-03-02T15:57:35","date_gmt":"2023-03-02T20:57:35","guid":{"rendered":"https:\/\/www.postconsumerbrands.ca\/communiquez-avec-nous\/"},"modified":"2025-02-03T11:49:26","modified_gmt":"2025-02-03T16:49:26","slug":"communiquez-avec-nous","status":"publish","type":"page","link":"https:\/\/www.postconsumerbrands.ca\/fr-ca\/communiquez-avec-nous\/","title":{"rendered":"Communiquez Avec Nous"},"content":{"rendered":"<p><div class=\"fusion-fullwidth fullwidth-box fusion-builder-row-1 fusion-flex-container has-pattern-background has-mask-background nonhundred-percent-fullwidth non-hundred-percent-height-scrolling\" style=\"--awb-border-radius-top-left:0px;--awb-border-radius-top-right:0px;--awb-border-radius-bottom-right:0px;--awb-border-radius-bottom-left:0px;--awb-flex-wrap:wrap;\" ><div class=\"fusion-builder-row fusion-row fusion-flex-align-items-flex-start fusion-flex-content-wrap\" style=\"max-width:1248px;margin-left: calc(-4% \/ 2 );margin-right: calc(-4% \/ 2 );\"><div class=\"fusion-layout-column fusion_builder_column fusion-builder-column-0 fusion_builder_column_1_4 1_4 fusion-flex-column\" style=\"--awb-bg-size:cover;--awb-width-large:25%;--awb-margin-top-large:0px;--awb-spacing-right-large:7.68%;--awb-margin-bottom-large:0px;--awb-spacing-left-large:7.68%;--awb-width-medium:25%;--awb-order-medium:0;--awb-spacing-right-medium:7.68%;--awb-spacing-left-medium:7.68%;--awb-width-small:100%;--awb-order-small:2;--awb-margin-top-small:25px;--awb-spacing-right-small:1.92%;--awb-spacing-left-small:1.92%;\"><div class=\"fusion-column-wrapper fusion-column-has-shadow fusion-flex-justify-content-flex-start fusion-content-layout-column\"><div class=\"fusion-title title fusion-title-1 fusion-sep-none fusion-title-text fusion-title-size-two\" style=\"--awb-margin-top-small:10px;--awb-margin-right-small:0px;--awb-margin-bottom-small:10px;--awb-margin-left-small:0px;--awb-font-size:var(--awb-typography4-font-size);\"><h2 class=\"fusion-title-heading title-heading-left fusion-responsive-typography-calculated\" style=\"font-family:var(--awb-typography4-font-family);font-weight:var(--awb-typography4-font-weight);font-style:var(--awb-typography4-font-style);margin:0;letter-spacing:var(--awb-typography4-letter-spacing);text-transform:var(--awb-typography4-text-transform);font-size:1em;--fontSize:22.5;line-height:var(--awb-typography4-line-height);\">Pour communiquer avec nous<\/h2><\/div><div class=\"fusion-text fusion-text-1\"><p>Post Consumer Brands<br \/>\n\u00c0 l\u2019attention de : Consumer Affairs<br \/>\n20802 Kensington Blvd<br \/>\nLakeville, MN 55044<\/p>\n<\/div><div class=\"fusion-separator fusion-full-width-sep\" style=\"align-self: center;margin-left: auto;margin-right: auto;width:100%;\"><div class=\"fusion-separator-border sep-single sep-solid\" style=\"--awb-height:20px;--awb-amount:20px;--awb-sep-color:var(--awb-custom_color_1);border-color:var(--awb-custom_color_1);border-top-width:3px;\"><\/div><\/div><div class=\"fusion-text fusion-text-2\" style=\"--awb-margin-top:20px;\"><p><a href=\"tel:18004317678\">1-800-431-7678<\/a><br \/>\nde 9 h \u00e0 17 h, heure de l\u2019Est,<br \/>\nDu lundi au vendredi<br \/>\n\u00e0 l\u2019exception des jours f\u00e9ri\u00e9s<\/p>\n<\/div><div class=\"fusion-separator fusion-full-width-sep\" style=\"align-self: center;margin-left: auto;margin-right: auto;width:100%;\"><div class=\"fusion-separator-border sep-single sep-solid\" style=\"--awb-height:20px;--awb-amount:20px;--awb-sep-color:var(--awb-custom_color_1);border-color:var(--awb-custom_color_1);border-top-width:3px;\"><\/div><\/div><div class=\"fusion-title title fusion-title-2 fusion-sep-none fusion-title-text fusion-title-size-two\" style=\"--awb-margin-top:15px;--awb-margin-top-small:10px;--awb-margin-right-small:0px;--awb-margin-bottom-small:10px;--awb-margin-left-small:0px;--awb-font-size:var(--awb-typography4-font-size);\"><h2 class=\"fusion-title-heading title-heading-left fusion-responsive-typography-calculated\" style=\"font-family:var(--awb-typography4-font-family);font-weight:var(--awb-typography4-font-weight);font-style:var(--awb-typography4-font-style);margin:0;letter-spacing:var(--awb-typography4-letter-spacing);text-transform:var(--awb-typography4-text-transform);font-size:1em;--fontSize:22.5;line-height:var(--awb-typography4-line-height);\">Q et R<\/h2><\/div><div class=\"fusion-text fusion-text-3\"><p>Vous avez une question?<br \/>\nConsultez notre page de questions et r\u00e9ponses pour obtenir les r\u00e9ponses aux questions les plus fr\u00e9quemment pos\u00e9es.<\/p>\n<\/div><div ><a class=\"fusion-button button-flat fusion-button-default-size button-default fusion-button-default button-1 fusion-button-default-span fusion-button-default-type\" target=\"_self\" href=\"https:\/\/www.postconsumerbrands.ca\/fr-ca\/q-et-r\/\"><span class=\"fusion-button-text awb-button__text awb-button__text--default\">En Savoir Plus<\/span><\/a><\/div><\/div><\/div><div class=\"fusion-layout-column fusion_builder_column fusion-builder-column-1 fusion_builder_column_3_4 3_4 fusion-flex-column\" style=\"--awb-bg-size:cover;--awb-width-large:75%;--awb-margin-top-large:0px;--awb-spacing-right-large:2.56%;--awb-margin-bottom-large:0px;--awb-spacing-left-large:2.56%;--awb-width-medium:75%;--awb-order-medium:0;--awb-spacing-right-medium:2.56%;--awb-spacing-left-medium:2.56%;--awb-width-small:100%;--awb-order-small:1;--awb-spacing-right-small:1.92%;--awb-spacing-left-small:1.92%;\"><div class=\"fusion-column-wrapper fusion-column-has-shadow fusion-flex-justify-content-flex-start fusion-content-layout-column\"><div class=\"fusion-title title fusion-title-3 fusion-sep-none fusion-title-text fusion-title-size-one\" style=\"--awb-margin-top-small:10px;--awb-margin-right-small:0px;--awb-margin-bottom-small:10px;--awb-margin-left-small:0px;--awb-font-size:var(--awb-typography1-font-size);\"><h1 class=\"fusion-title-heading title-heading-left fusion-responsive-typography-calculated\" style=\"font-family:var(--awb-typography1-font-family);font-weight:var(--awb-typography1-font-weight);font-style:var(--awb-typography1-font-style);margin:0;letter-spacing:var(--awb-typography1-letter-spacing);text-transform:var(--awb-typography1-text-transform);font-size:1em;--fontSize:45;line-height:var(--awb-typography1-line-height);\">communiquez avec nous<\/h1><\/div><div class=\"fusion-text fusion-text-4\"><p>En cas de question, commentaire ou pr\u00e9occupation \u00e0 propos de l\u2019un(e) de nos produits, promotions ou publicit\u00e9s, n\u2019h\u00e9sitez pas \u00e0 nous en faire part.<\/p>\n<p>R\u00e9serv\u00e9 aux r\u00e9sidents canadiens. Si vous \u00eates r\u00e9sident des \u00c9tats-Unis, <a href=\"https:\/\/www.postconsumerbrands.com\/\" target=\"_blank\" rel=\"noopener noreferrer\">veuillez vous rendre ici.<\/a><\/p>\n<\/div><iframe title=\"PCB formulaire de contact\" id=\"formFrame\" src=\"https:\/\/pcb.mybrotherdarryl.com\/fr\" frameborder=\"0\" style=\"width: 100%;\"><\/iframe>\n<script src=\"https:\/\/pcb.mybrotherdarryl.com\/js\/mbd-parent.js\" type=\"text\/javascript\"><\/script><\/div><\/div><\/div><\/div><\/p>\n","protected":false},"excerpt":{"rendered":"","protected":false},"author":6,"featured_media":0,"parent":0,"menu_order":0,"comment_status":"closed","ping_status":"closed","template":"","meta":{"_acf_changed":false,"footnotes":""},"class_list":["post-2219","page","type-page","status-publish","hentry"],"acf":[],"_links":{"self":[{"href":"https:\/\/www.postconsumerbrands.ca\/fr-ca\/wp-json\/wp\/v2\/pages\/2219","targetHints":{"allow":["GET"]}}],"collection":[{"href":"https:\/\/www.postconsumerbrands.ca\/fr-ca\/wp-json\/wp\/v2\/pages"}],"about":[{"href":"https:\/\/www.postconsumerbrands.ca\/fr-ca\/wp-json\/wp\/v2\/types\/page"}],"author":[{"embeddable":true,"href":"https:\/\/www.postconsumerbrands.ca\/fr-ca\/wp-json\/wp\/v2\/users\/6"}],"replies":[{"embeddable":true,"href":"https:\/\/www.postconsumerbrands.ca\/fr-ca\/wp-json\/wp\/v2\/comments?post=2219"}],"version-history":[{"count":6,"href":"https:\/\/www.postconsumerbrands.ca\/fr-ca\/wp-json\/wp\/v2\/pages\/2219\/revisions"}],"predecessor-version":[{"id":4010,"href":"https:\/\/www.postconsumerbrands.ca\/fr-ca\/wp-json\/wp\/v2\/pages\/2219\/revisions\/4010"}],"wp:attachment":[{"href":"https:\/\/www.postconsumerbrands.ca\/fr-ca\/wp-json\/wp\/v2\/media?parent=2219"}],"curies":[{"name":"wp","href":"https:\/\/api.w.org\/{rel}","templated":true}]}}