{"id":2228,"date":"2023-03-10T14:42:01","date_gmt":"2023-03-10T19:42:01","guid":{"rendered":"https:\/\/www.postconsumerbrands.ca\/reglements\/"},"modified":"2023-06-27T16:41:16","modified_gmt":"2023-06-27T20:41:16","slug":"reglements","status":"publish","type":"page","link":"https:\/\/www.postconsumerbrands.ca\/fr-ca\/reglements\/","title":{"rendered":"R\u00e8glements"},"content":{"rendered":"<div class=\"fusion-fullwidth fullwidth-box fusion-builder-row-1 fusion-flex-container has-pattern-background has-mask-background nonhundred-percent-fullwidth non-hundred-percent-height-scrolling\" style=\"--awb-border-radius-top-left:0px;--awb-border-radius-top-right:0px;--awb-border-radius-bottom-right:0px;--awb-border-radius-bottom-left:0px;--awb-flex-wrap:wrap;\" ><div class=\"fusion-builder-row fusion-row fusion-flex-align-items-flex-start fusion-flex-content-wrap\" style=\"max-width:1248px;margin-left: calc(-4% \/ 2 );margin-right: calc(-4% \/ 2 );\"><div class=\"fusion-layout-column fusion_builder_column fusion-builder-column-0 fusion_builder_column_1_1 1_1 fusion-flex-column\" style=\"--awb-bg-size:cover;--awb-width-large:100%;--awb-margin-top-large:0px;--awb-spacing-right-large:1.92%;--awb-margin-bottom-large:0px;--awb-spacing-left-large:1.92%;--awb-width-medium:100%;--awb-order-medium:0;--awb-spacing-right-medium:1.92%;--awb-spacing-left-medium:1.92%;--awb-width-small:100%;--awb-order-small:0;--awb-spacing-right-small:1.92%;--awb-spacing-left-small:1.92%;\"><div class=\"fusion-column-wrapper fusion-column-has-shadow fusion-flex-justify-content-flex-start fusion-content-layout-column\"><div class=\"fusion-title title fusion-title-1 fusion-sep-none fusion-title-text fusion-title-size-one\" style=\"--awb-margin-top-small:10px;--awb-margin-right-small:0px;--awb-margin-bottom-small:10px;--awb-margin-left-small:0px;--awb-font-size:var(--awb-typography1-font-size);\"><h1 class=\"fusion-title-heading title-heading-left fusion-responsive-typography-calculated\" style=\"font-family:var(--awb-typography1-font-family);font-weight:var(--awb-typography1-font-weight);font-style:var(--awb-typography1-font-style);margin:0;letter-spacing:var(--awb-typography1-letter-spacing);text-transform:var(--awb-typography1-text-transform);font-size:1em;--fontSize:45;line-height:var(--awb-typography1-line-height);\">R\u00e8glements<\/h1><\/div><div class=\"fusion-text fusion-text-1\"><p>Post Foods Canada Inc. veille \u00e0 diriger ses activit\u00e9s d\u2019une mani\u00e8re responsable et \u00e9thique. Nos fournisseurs jouent un r\u00f4le crucial dans nos initiatives pour nous assurer que nous g\u00e9rons notre cha\u00eene d\u2019approvisionnement d\u2019une mani\u00e8re viable et socialement responsable.<\/p>\n<p>Post Foods Canada Inc. s\u2019attend \u00e0 ce que ses marchands et ses fournisseurs respectent toutes les lois locales et nationales, les r\u00e8glements, les r\u00e8gles et les exigences en ce qui concerne les produits et les services qu\u2019ils fournissent \u00e0 Post Foods Canada Inc..<\/p>\n<p>Que ce soit directement ou par l\u2019entremise d\u2019un tiers, Post Foods Canada Inc. proc\u00e8de p\u00e9riodiquement \u00e0 la v\u00e9rification de son groupe de fournisseurs afin de s\u2019assurer que les exigences de l\u2019entreprise sont respect\u00e9es en mati\u00e8re de salubrit\u00e9 alimentaire et de commercialisation. Annuellement, notre groupe de marchands est \u00e9valu\u00e9 avec une approche fond\u00e9e sur les risques et une strat\u00e9gie d\u2019audit est d\u00e9velopp\u00e9e en fonction de l\u2019exercice d\u2019\u00e9valuation des risques. La participation de nos fournisseurs \u00e0 nos programmes de salubrit\u00e9 alimentaire est obligatoire et, dans les cas o\u00f9 les exigences de Post Foods Canada Inc. ne seraient pas respect\u00e9es, le partenariat avec ledit fournisseur pourrait \u00eatre annul\u00e9.<\/p>\n<p>Par ailleurs, les fournisseurs sont \u00e9galement invit\u00e9s \u00e0 conclure une entente par \u00e9crit avec Post Foods Canada Inc. dans laquelle les fournisseurs acceptent de se conformer \u00e0 toutes les lois en vigueur dans le pays o\u00f9 ils font affaires.<\/p>\n<p>Conform\u00e9ment au California Transparency In Supply Chain Act (loi sur les cha\u00eenes d\u2019approvisionnement en vigueur en Californie, aux \u00c9tats-Unis), la compagnie Post Foods Canada Inc. n\u2019accepte et n\u2019appuie aucune forme de travail ill\u00e9gal, abusif ou forc\u00e9 dans ses \u00e9tablissements. Dans le cadre de notre cha\u00eene d\u2019approvisionnement, nous demandons \u00e0 nos fournisseurs de respecter toutes les lois en vigueur dans le pays o\u00f9 ils font affaires et auxquelles ils sont assujettis.<\/p>\n<p>Le probl\u00e8me est complexe et nous ne pouvons pas le r\u00e9gler seuls. Nous croyons qu\u2019il est essentiel que toutes les parties engag\u00e9es dans notre cha\u00eene d\u2019approvisionnement travaillent de concert pour appuyer les populations locales, contribuer \u00e0 augmenter les salaires et s\u2019assurer que les enfants et les adultes ne sont pas soumis \u00e0 de telles conditions.<\/p>\n<\/div><\/div><\/div><\/div><\/div>\n","protected":false},"excerpt":{"rendered":"","protected":false},"author":6,"featured_media":0,"parent":0,"menu_order":0,"comment_status":"closed","ping_status":"closed","template":"","meta":{"_acf_changed":false,"footnotes":""},"class_list":["post-2228","page","type-page","status-publish","hentry"],"acf":[],"_links":{"self":[{"href":"https:\/\/www.postconsumerbrands.ca\/fr-ca\/wp-json\/wp\/v2\/pages\/2228","targetHints":{"allow":["GET"]}}],"collection":[{"href":"https:\/\/www.postconsumerbrands.ca\/fr-ca\/wp-json\/wp\/v2\/pages"}],"about":[{"href":"https:\/\/www.postconsumerbrands.ca\/fr-ca\/wp-json\/wp\/v2\/types\/page"}],"author":[{"embeddable":true,"href":"https:\/\/www.postconsumerbrands.ca\/fr-ca\/wp-json\/wp\/v2\/users\/6"}],"replies":[{"embeddable":true,"href":"https:\/\/www.postconsumerbrands.ca\/fr-ca\/wp-json\/wp\/v2\/comments?post=2228"}],"version-history":[{"count":0,"href":"https:\/\/www.postconsumerbrands.ca\/fr-ca\/wp-json\/wp\/v2\/pages\/2228\/revisions"}],"wp:attachment":[{"href":"https:\/\/www.postconsumerbrands.ca\/fr-ca\/wp-json\/wp\/v2\/media?parent=2228"}],"curies":[{"name":"wp","href":"https:\/\/api.w.org\/{rel}","templated":true}]}}