{"id":2500,"date":"2023-03-10T16:09:01","date_gmt":"2023-03-10T21:09:01","guid":{"rendered":"https:\/\/www.postconsumerbrands.ca\/accessibility\/"},"modified":"2023-05-17T09:44:30","modified_gmt":"2023-05-17T13:44:30","slug":"accessibilite","status":"publish","type":"page","link":"https:\/\/www.postconsumerbrands.ca\/fr-ca\/accessibilite\/","title":{"rendered":"\u00c9nonc\u00e9 sur l\u2019accessibilit\u00e9"},"content":{"rendered":"<div class=\"fusion-fullwidth fullwidth-box fusion-builder-row-1 fusion-flex-container has-pattern-background has-mask-background nonhundred-percent-fullwidth non-hundred-percent-height-scrolling\" style=\"--awb-border-radius-top-left:0px;--awb-border-radius-top-right:0px;--awb-border-radius-bottom-right:0px;--awb-border-radius-bottom-left:0px;--awb-flex-wrap:wrap;\" ><div class=\"fusion-builder-row fusion-row fusion-flex-align-items-flex-start fusion-flex-content-wrap\" style=\"max-width:1248px;margin-left: calc(-4% \/ 2 );margin-right: calc(-4% \/ 2 );\"><div class=\"fusion-layout-column fusion_builder_column fusion-builder-column-0 fusion_builder_column_1_1 1_1 fusion-flex-column\" style=\"--awb-bg-size:cover;--awb-width-large:100%;--awb-margin-top-large:0px;--awb-spacing-right-large:1.92%;--awb-margin-bottom-large:0px;--awb-spacing-left-large:1.92%;--awb-width-medium:100%;--awb-order-medium:0;--awb-spacing-right-medium:1.92%;--awb-spacing-left-medium:1.92%;--awb-width-small:100%;--awb-order-small:0;--awb-spacing-right-small:1.92%;--awb-spacing-left-small:1.92%;\"><div class=\"fusion-column-wrapper fusion-column-has-shadow fusion-flex-justify-content-flex-start fusion-content-layout-column\"><div class=\"fusion-title title fusion-title-1 fusion-sep-none fusion-title-text fusion-title-size-one\" style=\"--awb-margin-top-small:10px;--awb-margin-right-small:0px;--awb-margin-bottom-small:10px;--awb-margin-left-small:0px;--awb-font-size:var(--awb-typography1-font-size);\"><h1 class=\"fusion-title-heading title-heading-left fusion-responsive-typography-calculated\" style=\"font-family:var(--awb-typography1-font-family);font-weight:var(--awb-typography1-font-weight);font-style:var(--awb-typography1-font-style);margin:0;letter-spacing:var(--awb-typography1-letter-spacing);text-transform:var(--awb-typography1-text-transform);font-size:1em;--fontSize:45;line-height:var(--awb-typography1-line-height);\">\u00c9nonc\u00e9 sur l\u2019accessibilit\u00e9<\/h1><\/div><div class=\"fusion-text fusion-text-1 fusion-text-no-margin\" style=\"--awb-margin-bottom:0px;\"><p>postconsumerbrands.ca<br \/>\nLe 21 avril 2023<br \/>\n\u00c9mis par <a href=\"https:\/\/www.mybrotherdarryl.com\" target=\"_blank\" rel=\"noopener\">My Brother Darryl<\/a><\/p>\n<\/div><div class=\"fusion-image-element \" style=\"--awb-margin-top:3px;--awb-margin-bottom:20px;--awb-max-width:250px;--awb-caption-title-font-family:var(--h2_typography-font-family);--awb-caption-title-font-weight:var(--h2_typography-font-weight);--awb-caption-title-font-style:var(--h2_typography-font-style);--awb-caption-title-size:var(--h2_typography-font-size);--awb-caption-title-transform:var(--h2_typography-text-transform);--awb-caption-title-line-height:var(--h2_typography-line-height);--awb-caption-title-letter-spacing:var(--h2_typography-letter-spacing);\"><span class=\" fusion-imageframe imageframe-none imageframe-1 hover-type-none\"><a class=\"fusion-no-lightbox\" href=\"https:\/\/www.mybrotherdarryl.com\" target=\"_blank\" aria-label=\"MBD-Signature\" rel=\"noopener noreferrer\"><img decoding=\"async\" width=\"640\" height=\"86\" alt=\"My Brother Darryl\" src=\"https:\/\/www.postconsumerbrands.ca\/wp-content\/uploads\/2023\/05\/MBD-Signature.png\" class=\"img-responsive wp-image-2979\" srcset=\"https:\/\/www.postconsumerbrands.ca\/wp-content\/uploads\/2023\/05\/MBD-Signature-200x27.png 200w, https:\/\/www.postconsumerbrands.ca\/wp-content\/uploads\/2023\/05\/MBD-Signature-400x54.png 400w, https:\/\/www.postconsumerbrands.ca\/wp-content\/uploads\/2023\/05\/MBD-Signature-600x81.png 600w, https:\/\/www.postconsumerbrands.ca\/wp-content\/uploads\/2023\/05\/MBD-Signature.png 640w\" sizes=\"(max-width: 769px) 100vw, 640px\" \/><\/a><\/span><\/div><div class=\"fusion-title title fusion-title-2 fusion-sep-none fusion-title-text fusion-title-size-two\" style=\"--awb-margin-top-small:10px;--awb-margin-right-small:0px;--awb-margin-bottom-small:10px;--awb-margin-left-small:0px;--awb-font-size:var(--awb-typography2-font-size);\"><h2 class=\"fusion-title-heading title-heading-left fusion-responsive-typography-calculated\" style=\"font-family:var(--awb-typography2-font-family);font-weight:var(--awb-typography2-font-weight);font-style:var(--awb-typography2-font-style);margin:0;letter-spacing:var(--awb-typography2-letter-spacing);text-transform:var(--awb-typography2-text-transform);font-size:1em;--fontSize:33;line-height:var(--awb-typography2-line-height);\">\u00c9tat de la conformit\u00e9<\/h2><\/div><div class=\"fusion-text fusion-text-2\"><p>Nous croyons fermement que l\u2019Internet devrait \u00eatre accessible \u00e0 tous et nous nous engageons \u00e0 offrir un site Web accessible au plus grand nombre possible de personnes, quelle que soit leur capacit\u00e9.<\/p>\n<p>\u00c0 cette fin, nous nous effor\u00e7ons d\u2019adh\u00e9rer le plus strictement possible aux R\u00e8gles d\u2019accessibilit\u00e9 du contenu Web 2.0 (WCAG 2.0) du World Wide Web Consortium (W3C) au niveau AA. Ces lignes directrices expliquent comment rendre le contenu Web accessible aux personnes ayant un large \u00e9ventail de handicaps. Le respect de ces lignes directrices nous aide \u00e0 faire en sorte que le site Web soit accessible aux personnes ayant une d\u00e9ficience motrice, celles qui sont aveugles ou malvoyantes, celles ayant une d\u00e9ficience cognitive et bien d\u2019autres.<\/p>\n<p>Ce site fait appel \u00e0 diverses technologies destin\u00e9es \u00e0 le rendre le plus accessible possible en tout temps. Nous utilisons une interface d\u2019accessibilit\u00e9 qui permet aux personnes ayant des handicaps sp\u00e9cifiques d\u2019ajuster l\u2019interface utilisateur du site Web et de la concevoir en fonction de leurs besoins personnels.<\/p>\n<p>De plus, le site utilise une application fond\u00e9e sur l\u2019IA fonctionnant en arri\u00e8re-plan et optimisant en permanence son niveau d\u2019accessibilit\u00e9. Cette application corrige le code HTML du site, adapte ses fonctionnalit\u00e9s et son comportement pour les lecteurs d\u2019\u00e9cran utilis\u00e9s par les utilisateurs aveugles et pour les fonctions de clavier utilis\u00e9es par les personnes ayant une d\u00e9ficience motrice.<\/p>\n<p>Si vous souhaitez contacter Post Consumer Brands, veuillez utiliser notre <a href=\"https:\/\/www.postconsumerbrands.ca\/fr-ca\/communiquez-avec-nous\/\">page de communication<\/a>.<\/p>\n<\/div><div class=\"fusion-title title fusion-title-3 fusion-sep-none fusion-title-text fusion-title-size-two\" style=\"--awb-margin-top-small:10px;--awb-margin-right-small:0px;--awb-margin-bottom-small:10px;--awb-margin-left-small:0px;--awb-font-size:var(--awb-typography2-font-size);\"><h2 class=\"fusion-title-heading title-heading-left fusion-responsive-typography-calculated\" style=\"font-family:var(--awb-typography2-font-family);font-weight:var(--awb-typography2-font-weight);font-style:var(--awb-typography2-font-style);margin:0;letter-spacing:var(--awb-typography2-letter-spacing);text-transform:var(--awb-typography2-text-transform);font-size:1em;--fontSize:33;line-height:var(--awb-typography2-line-height);\">Lecture d\u2019\u00e9cran et navigation au clavier<\/h2><\/div><div class=\"fusion-text fusion-text-3\"><p>Notre site Web met en \u0153uvre la technique des attributs ARIA (<em>Accessible Rich Internet Applications<\/em>), parall\u00e8lement \u00e0 divers changements de comportement, pour s\u2019assurer que les utilisateurs aveugles qui visitent le site avec des lecteurs d\u2019\u00e9cran peuvent lire, comprendre et profiter des fonctions du site Web. D\u00e8s qu\u2019un utilisateur avec un lecteur d\u2019\u00e9cran entre dans notre site, il re\u00e7oit imm\u00e9diatement une invite \u00e0 entrer le profil de lecteur d\u2019\u00e9cran afin qu\u2019il puisse naviguer et utiliser notre site efficacement. Voici comment notre site Web couvre certaines des exigences les plus importantes des lecteurs d\u2019\u00e9cran\u00a0:<\/p>\n<p>Optimisation du lecteur d\u2019\u00e9cran\u00a0: Nous ex\u00e9cutons un processus qui apprend les composants du site Web de haut en bas, pour assurer une conformit\u00e9 continue m\u00eame lors de mises \u00e0 jour du site Web. Dans ce processus, nous fournissons aux lecteurs d\u2019\u00e9cran des donn\u00e9es significatives utilisant l\u2019ensemble des attributs ARIA. Par exemple, nous fournissons des \u00e9tiquettes exactes de formulaire; des descriptions pour les ic\u00f4nes actionnables (ic\u00f4nes de m\u00e9dias sociaux, ic\u00f4nes de recherche, ic\u00f4nes de panier, etc.); des conseils de validation pour les entr\u00e9es de formulaire; des r\u00f4les d\u2019\u00e9l\u00e9ments tels que les boutons, les menus, les dialogues modaux (fen\u00eatres contextuelles) et autres.<\/p>\n<p>De plus, le processus d\u2019arri\u00e8re-plan scanne toutes les images du site Web. Il fournit une description pr\u00e9cise et significative fond\u00e9e sur la reconnaissance d\u2019objets-images sous forme de balise ALT (texte alternatif) pour les images qui ne sont pas d\u00e9crites. Il extraira \u00e9galement les textes int\u00e9gr\u00e9s dans l\u2019image \u00e0 l\u2019aide d\u2019une technologie ROC (reconnaissance optique des caract\u00e8res). Pour activer en tout temps les r\u00e9glages du lecteur d\u2019\u00e9cran, il suffit d\u2019appuyer sur la combinaison de touches Alt+1. Les utilisateurs de lecteur d\u2019\u00e9cran obtiennent \u00e9galement des annonces automatiques pour activer le mode de lecteur d\u2019\u00e9cran d\u00e8s qu\u2019ils entrent dans le site Web.<\/p>\n<p>Ces r\u00e9glages sont compatibles avec les lecteurs d\u2019\u00e9cran populaires, dont JAWS, NVDA, VoiceOver et TalkBack.<\/p>\n<p>Optimisation de la navigation au clavier\u00a0: Le processus d\u2019arri\u00e8re-plan ajuste \u00e9galement le HTML du site Web et ajoute divers comportements \u00e0 l\u2019aide du code JavaScript pour rendre le site Web op\u00e9rable par le clavier. Ceci comprend la possibilit\u00e9 de naviguer sur le site Web \u00e0 l\u2019aide des touches Tab et Maj + Tab, d\u2019utiliser les menus d\u00e9roulants avec les touches fl\u00e9ch\u00e9es, de les fermer avec Esc, de d\u00e9clencher des boutons et des liens \u00e0 l\u2019aide de la touche Entr\u00e9e, de naviguer entre la radio et les \u00e9l\u00e9ments des cases \u00e0 cocher \u00e0 l\u2019aide des touches fl\u00e9ch\u00e9es, et de les remplir avec la touche Espace ou Entr\u00e9e.<\/p>\n<p>De plus, les utilisateurs de clavier trouveront des menus de saut de contenu qui sont disponibles en tout temps en cliquant sur Alt+2, ou comme premier \u00e9l\u00e9ment du site tout en naviguant avec le clavier. Le processus d\u2019arri\u00e8re-plan g\u00e8re \u00e9galement les fen\u00eatres contextuelles d\u00e9clench\u00e9es en d\u00e9pla\u00e7ant la mise au point du clavier vers eux d\u00e8s qu\u2019elles apparaissent, sans permettre \u00e0 la mise au point de d\u00e9river \u00e0 l\u2019ext\u00e9rieur.<\/p>\n<p>Les utilisateurs peuvent \u00e9galement utiliser des raccourcis comme \u00ab\u00a0M\u00a0\u00bb (menus), \u00ab\u00a0H\u00a0\u00bb (en-t\u00eates), \u00ab\u00a0F\u00a0\u00bb (formulaires), \u00ab\u00a0B\u00a0\u00bb (boutons) et \u00ab\u00a0G\u00a0\u00bb (graphiques) pour passer \u00e0 des \u00e9l\u00e9ments pr\u00e9cis.<\/p>\n<\/div><div class=\"fusion-title title fusion-title-4 fusion-sep-none fusion-title-text fusion-title-size-two\" style=\"--awb-margin-top-small:10px;--awb-margin-right-small:0px;--awb-margin-bottom-small:10px;--awb-margin-left-small:0px;--awb-font-size:var(--awb-typography2-font-size);\"><h2 class=\"fusion-title-heading title-heading-left fusion-responsive-typography-calculated\" style=\"font-family:var(--awb-typography2-font-family);font-weight:var(--awb-typography2-font-weight);font-style:var(--awb-typography2-font-style);margin:0;letter-spacing:var(--awb-typography2-letter-spacing);text-transform:var(--awb-typography2-text-transform);font-size:1em;--fontSize:33;line-height:var(--awb-typography2-line-height);\">Profils des handicaps pris en charge sur notre site Web<\/h2><\/div><div class=\"fusion-text fusion-text-4\"><p><strong>Profil de s\u00e9curit\u00e9 pour l\u2019\u00e9pilepsie :<\/strong> ce profil permet aux personnes atteintes d\u2019\u00e9pilepsie d\u2019utiliser le site Web en toute s\u00e9curit\u00e9 en \u00e9liminant le risque de crises r\u00e9sultant d\u2019animations clignotantes ou clignotantes et de combinaisons de couleurs risqu\u00e9es.<\/p>\n<p><strong>Profil pour d\u00e9ficience visuelle :<\/strong> ce profil ajuste le site Web pour qu\u2019il soit accessible \u00e0 la majorit\u00e9 des d\u00e9ficiences visuelles comme la vue d\u00e9gradante, la vision tubulaire, les cataractes, le glaucome et autres.<\/p>\n<p><strong>Profil de pour d\u00e9ficience cognitive :<\/strong> ce profil fournit diverses caract\u00e9ristiques fonctionnelles pour aider les utilisateurs atteints d\u2019une d\u00e9ficience cognitive, notamment d\u2019autisme, de dyslexie, d&#8217;effets post-AVC et autres, \u00e0 se concentrer plus facilement sur les \u00e9l\u00e9ments essentiels.<\/p>\n<p><strong>Profil convivial pour TDAH :<\/strong> ce profil r\u00e9duit consid\u00e9rablement les distractions et le bruit pour aider les personnes atteintes de TDAH et de troubles neurod\u00e9veloppementaux \u00e0 parcourir, lire et se concentrer plus facilement sur les \u00e9l\u00e9ments essentiels.<\/p>\n<p><strong>Profil pour utilisateurs aveugles (lecteurs d\u2019\u00e9cran) :<\/strong> ce profil ajuste le site Web pour qu\u2019il soit compatible avec les lecteurs d\u2019\u00e9cran comme JAWS, NVDA, VoiceOver et TalkBack. Un lecteur d\u2019\u00e9cran est install\u00e9 sur l\u2019ordinateur de l\u2019utilisateur aveugle et ce site est compatible avec celui-ci.<br \/>\nProfil de navigation au clavier (d\u00e9ficience motrice) : ce profil permet aux personnes ayant une d\u00e9ficience motrice d\u2019utiliser le site Web en utilisant les touches Tab, Maj+Tab et Entr\u00e9e. Les utilisateurs peuvent \u00e9galement utiliser des raccourcis comme \u00ab M \u00bb (menus), \u00ab H \u00bb (en-t\u00eates), \u00ab F \u00bb (formulaires), \u00ab B \u00bb (boutons) et \u00ab G \u00bb (graphiques) pour passer \u00e0 des \u00e9l\u00e9ments pr\u00e9cis.<\/p>\n<\/div><div class=\"fusion-title title fusion-title-5 fusion-sep-none fusion-title-text fusion-title-size-two\" style=\"--awb-margin-top-small:10px;--awb-margin-right-small:0px;--awb-margin-bottom-small:10px;--awb-margin-left-small:0px;--awb-font-size:var(--awb-typography2-font-size);\"><h2 class=\"fusion-title-heading title-heading-left fusion-responsive-typography-calculated\" style=\"font-family:var(--awb-typography2-font-family);font-weight:var(--awb-typography2-font-weight);font-style:var(--awb-typography2-font-style);margin:0;letter-spacing:var(--awb-typography2-letter-spacing);text-transform:var(--awb-typography2-text-transform);font-size:1em;--fontSize:33;line-height:var(--awb-typography2-line-height);\">Ajustements suppl\u00e9mentaires de l\u2019IU, de la conception et de la lisibilit\u00e9<\/h2><\/div><div class=\"fusion-text fusion-text-5\"><p>Ajustement de police de caract\u00e8res \u2013 les utilisateurs peuvent augmenter et diminuer la taille, modifier la famille (type), ajuster l\u2019espacement, l\u2019alignement, la hauteur de la ligne et plus encore.<\/p>\n<p>Ajustements des couleurs \u2013 les utilisateurs peuvent s\u00e9lectionner diff\u00e9rents profils de contraste des couleurs tels que la luminosit\u00e9, l\u2019obscurit\u00e9, l\u2019inversion et le monochrome. De plus, les utilisateurs peuvent permuter les sch\u00e9mas de couleurs des titres, des textes et des arri\u00e8re-plans \u00e0 l\u2019aide de plus de sept options diverses de coloration.<\/p>\n<p>Animations \u2013 les utilisateurs \u00e9pileptiques peuvent arr\u00eater toutes les animations d\u2019un seul clic. Les animations contr\u00f4l\u00e9es par l\u2019interface comprennent les vid\u00e9os, les GIF et les transitions clignotantes CSS.<\/p>\n<p>Mise en \u00e9vidence du contenu \u2013 les utilisateurs peuvent choisir de mettre l\u2019accent sur des \u00e9l\u00e9ments essentiels comme des liens et des titres. Ils peuvent \u00e9galement choisir de mettre en \u00e9vidence des \u00e9l\u00e9ments cibl\u00e9s ou ceux survol\u00e9s uniquement.<\/p>\n<p>D\u00e9sactivation audio \u2013 les utilisateurs qui portent des appareils auditifs peuvent \u00e9prouver des maux de t\u00eate ou d\u2019autres probl\u00e8mes attribuables \u00e0 la lecture audio automatique. Cette option permet aux utilisateurs de d\u00e9sactiver instantan\u00e9ment l\u2019int\u00e9gralit\u00e9 du site.<\/p>\n<p>Troubles cognitifs \u2013 nous utilisons un moteur de recherche li\u00e9 \u00e0 Wikip\u00e9dia et \u00e0 Wiktionnaire permettant aux personnes atteintes de troubles cognitifs de d\u00e9chiffrer la signification des phrases, des initiales, de l\u2019argot et d\u2019autres.<\/p>\n<p>Fonctions suppl\u00e9mentaires \u2013 nous permettons aux utilisateurs de modifier la couleur et la taille du curseur, d\u2019utiliser un mode d\u2019impression, d\u2019activer un clavier virtuel et leur offrons de nombreuses autres fonctions.<\/p>\n<\/div><div class=\"fusion-title title fusion-title-6 fusion-sep-none fusion-title-text fusion-title-size-two\" style=\"--awb-margin-top-small:10px;--awb-margin-right-small:0px;--awb-margin-bottom-small:10px;--awb-margin-left-small:0px;--awb-font-size:var(--awb-typography2-font-size);\"><h2 class=\"fusion-title-heading title-heading-left fusion-responsive-typography-calculated\" style=\"font-family:var(--awb-typography2-font-family);font-weight:var(--awb-typography2-font-weight);font-style:var(--awb-typography2-font-style);margin:0;letter-spacing:var(--awb-typography2-letter-spacing);text-transform:var(--awb-typography2-text-transform);font-size:1em;--fontSize:33;line-height:var(--awb-typography2-line-height);\">Technologie d\u2019assistance et compatibilit\u00e9 des navigateurs<\/h2><\/div><div class=\"fusion-text fusion-text-6\"><p>Nous visons \u00e0 prendre en charge le plus grand nombre de de navigateurs et de technologies d\u2019assistance qu\u2019il est possible afin que nos utilisateurs puissent choisir les outils les mieux adapt\u00e9s et les moins restrictifs possibles. Nous avons donc d\u00e9ploy\u00e9 bien des efforts pour \u00eatre en mesure de prendre en charge tous les principaux syst\u00e8mes repr\u00e9sentant plus de 95\u00a0% de la part de march\u00e9 des utilisateurs, y compris Google Chrome, Mozilla Firefox, Apple Safari, Opera et Microsoft Edge, JAWS, et NVDA (lecteurs d\u2019\u00e9cran), tant pour les utilisateurs de Windows que ceux de MAC.<\/p>\n<\/div><div class=\"fusion-title title fusion-title-7 fusion-sep-none fusion-title-text fusion-title-size-two\" style=\"--awb-margin-top-small:10px;--awb-margin-right-small:0px;--awb-margin-bottom-small:10px;--awb-margin-left-small:0px;--awb-font-size:var(--awb-typography2-font-size);\"><h2 class=\"fusion-title-heading title-heading-left fusion-responsive-typography-calculated\" style=\"font-family:var(--awb-typography2-font-family);font-weight:var(--awb-typography2-font-weight);font-style:var(--awb-typography2-font-style);margin:0;letter-spacing:var(--awb-typography2-letter-spacing);text-transform:var(--awb-typography2-text-transform);font-size:1em;--fontSize:33;line-height:var(--awb-typography2-line-height);\">Notes, commentaires et observations<\/h2><\/div><div class=\"fusion-text fusion-text-7\"><p>Malgr\u00e9 tous nos efforts pour permettre \u00e0 toute personne d\u2019adapter le site Web \u00e0 ses besoins, il se peut que certaines pages ou sections ne soient pas enti\u00e8rement accessibles, qu\u2019elles soient en voie de le devenir ou pour lesquelles nous ne disposons pas de solution technologique ad\u00e9quate pour les rendre accessibles. Nous am\u00e9liorons constamment notre accessibilit\u00e9 en ajoutant, mettant \u00e0 jour et am\u00e9liorant les options et les caract\u00e9ristiques, et en d\u00e9veloppant et en adoptant de nouvelles technologies. Tous ces \u00e9l\u00e9ments visent \u00e0 atteindre le niveau optimal d\u2019accessibilit\u00e9 \u00e0 la suite des progr\u00e8s technologiques. Pour contacter Post Consumer Brands, veuillez utiliser notre page de communication.<\/p>\n<\/div><\/div><\/div><\/div><\/div>\n","protected":false},"excerpt":{"rendered":"","protected":false},"author":6,"featured_media":0,"parent":0,"menu_order":0,"comment_status":"closed","ping_status":"closed","template":"","meta":{"_acf_changed":false,"footnotes":""},"class_list":["post-2500","page","type-page","status-publish","hentry"],"acf":[],"_links":{"self":[{"href":"https:\/\/www.postconsumerbrands.ca\/fr-ca\/wp-json\/wp\/v2\/pages\/2500","targetHints":{"allow":["GET"]}}],"collection":[{"href":"https:\/\/www.postconsumerbrands.ca\/fr-ca\/wp-json\/wp\/v2\/pages"}],"about":[{"href":"https:\/\/www.postconsumerbrands.ca\/fr-ca\/wp-json\/wp\/v2\/types\/page"}],"author":[{"embeddable":true,"href":"https:\/\/www.postconsumerbrands.ca\/fr-ca\/wp-json\/wp\/v2\/users\/6"}],"replies":[{"embeddable":true,"href":"https:\/\/www.postconsumerbrands.ca\/fr-ca\/wp-json\/wp\/v2\/comments?post=2500"}],"version-history":[{"count":0,"href":"https:\/\/www.postconsumerbrands.ca\/fr-ca\/wp-json\/wp\/v2\/pages\/2500\/revisions"}],"wp:attachment":[{"href":"https:\/\/www.postconsumerbrands.ca\/fr-ca\/wp-json\/wp\/v2\/media?parent=2500"}],"curies":[{"name":"wp","href":"https:\/\/api.w.org\/{rel}","templated":true}]}}